{"id":987,"date":"2024-10-25T13:56:24","date_gmt":"2024-10-25T13:56:24","guid":{"rendered":"https:\/\/sortdupeuple.fr\/?page_id=987"},"modified":"2024-10-25T14:11:50","modified_gmt":"2024-10-25T14:11:50","slug":"ressources-2","status":"publish","type":"page","link":"https:\/\/sortdupeuple.fr\/index.php\/ressources-2\/","title":{"rendered":""},"content":{"rendered":"\t\t<div data-elementor-type=\"wp-page\" data-elementor-id=\"987\" class=\"elementor elementor-987\" data-elementor-post-type=\"page\">\n\t\t\t\t<div class=\"elementor-element elementor-element-e17ff10 e-flex e-con-boxed e-con e-parent\" data-id=\"e17ff10\" data-element_type=\"container\">\n\t\t\t\t\t<div class=\"e-con-inner\">\n\t\t\t\t<div class=\"elementor-element elementor-element-4f55949 elementor-widget elementor-widget-text-editor\" data-id=\"4f55949\" data-element_type=\"widget\" data-widget_type=\"text-editor.default\">\n\t\t\t\t<div class=\"elementor-widget-container\">\n\t\t\t\t\t\t\t\t\t<p>Van Reybrouck, David, Philippe Noble, et Isabelle Rosselin. <i>Contre les \u00e9lections<\/i>. Arles : Actes Sud. 2014. (Babel ; n\u02da\u00a01231).<\/p>\n<p>Testart, Jacques. <i>L\u2019humanitude au pouvoir, comment les citoyens peuvent d\u00e9cider du bien commun<\/i>. Paris : \u00c9ditions du Seuil. 2015<\/p>\n<p>Blondiaux, Lo\u00efc et Bernard Manin. <i>Le tournant d\u00e9lib\u00e9ratif de la d\u00e9mocratie:<\/i> [s.l.] : Presses de Sciences Po. 2021. En ligne : https:\/\/cairn.info\/le-tournant-deliberatif-de-la-democratie-2021&#8211;9782724624908.htm.<\/p>\n<p>Bonin Hugo. <i>La d\u00e9mocratie hasardeuse: \u00e9lections ou tirage au sort \/ Hugo Bonin\u202f; pr\u00e9face d\u2019Alain Deneault<\/i>. Nouvelle \u00e9dition augment\u00e9e. Montr\u00e9al (Qu\u00e9bec) : XYZ \u00e9diteur. 2018.<\/p>\n<p>Sintomer, Yves. <i>Petite histoire de l\u2019exp\u00e9rimentation d\u00e9mocratique: tirage au sort et politique d\u2019Ath\u00e8nes \u00e0 nos jours<\/i>. Paris : La D\u00e9couverte\/Poche. 2011. 291\u00a0p. (La d\u00e9couverte poche).<\/p>\n<p>Delannoi, Gil. <i>Le tirage au sort: comment l\u2019utiliser?<\/i> Paris : Presses de Sciences Po. 2019. 148\u00a0p. (Nouveaux d\u00e9bats ; n\u02da\u00a051)<\/p>\n<p>Manin, Bernard. <i>Principes du gouvernement repr\u00e9sentatif<\/i>. Paris : Calmann-L\u00e9vy. 1995. 319\u00a0p. (Libert\u00e9 de l\u2019esprit).<\/p>\n<p>Callenbach, Ernest et Michael Phillips. <i>A citizen legislature<\/i>. Berkeley, Calif.\u202f: Bodega, Calif : Banyan Tree Books\u202f; Clear Glass. 1985. 90\u00a0p.<\/p>\n<p>Gastil, John et Erik Olin Wright. <i>Legislature by Lot: transformative designs for deliberative governance<\/i>. London New York : Verso. 2019. 436\u00a0p. (The real utopias project).<\/p>\n<p>Guerrero, Alexander A. <i>Against Elections: The Lottocratic Alternative<\/i>. 2014. En ligne : https:\/\/papers.ssrn.com\/abstract=2488791.<\/p>\n<p>Landemore, H\u00e9l\u00e8ne. <i>Open Democracy: Reinventing Popular Rule for the Twenty-First Century<\/i>. [s.l.] : Princeton University Press. 2020. En ligne : https:\/\/www.degruyter.com\/document\/doi\/10.1515\/9780691208725\/html.<\/p>\n<p>Pope, Maurice. <i>The keys to democracy: sortition as a new model for citizen power<\/i>. Exeter : Imprint Academic. 2023. 232\u00a0p. (Sortition and public policy).<\/p>\n<p>Sintomer, Yves. <i>The Government of Chance: Sortition and Democracy from Athens to the Present<\/i>. New York : Cambridge University Press. 2023. 314\u00a0p.<\/p>\n<p>L\u00ea Quan Phong, And\u00e9ol. <i>Du Sort \u00e0 la Loi\u202f: \u00e0 la recherche d\u2019une proc\u00e9dure pour les assembl\u00e9es tir\u00e9es au sort<\/i>, report. Paris : Sciences po Paris. 2023. 142 p. En ligne : https:\/\/andeol-lequanphong.com\/.<\/p>\t\t\t\t\t\t\t\t<\/div>\n\t\t\t\t<\/div>\n\t\t\t\t\t<\/div>\n\t\t\t\t<\/div>\n\t\t\t\t<\/div>\n\t\t","protected":false},"excerpt":{"rendered":"<p>Van Reybrouck, David, Philippe Noble, et Isabelle Rosselin. Contre les \u00e9lections. Arles : Actes Sud. 2014. (Babel ; n\u02da\u00a01231). Testart, Jacques. L\u2019humanitude au pouvoir, comment les citoyens peuvent d\u00e9cider du bien commun. Paris : \u00c9ditions du Seuil. 2015 Blondiaux, Lo\u00efc et Bernard Manin. Le tournant d\u00e9lib\u00e9ratif de la d\u00e9mocratie: [s.l.] : Presses de Sciences Po. [&hellip;]<\/p>\n","protected":false},"author":3,"featured_media":0,"parent":0,"menu_order":0,"comment_status":"closed","ping_status":"closed","template":"","meta":{"footnotes":""},"class_list":["post-987","page","type-page","status-publish","hentry"],"_links":{"self":[{"href":"https:\/\/sortdupeuple.fr\/index.php\/wp-json\/wp\/v2\/pages\/987"}],"collection":[{"href":"https:\/\/sortdupeuple.fr\/index.php\/wp-json\/wp\/v2\/pages"}],"about":[{"href":"https:\/\/sortdupeuple.fr\/index.php\/wp-json\/wp\/v2\/types\/page"}],"author":[{"embeddable":true,"href":"https:\/\/sortdupeuple.fr\/index.php\/wp-json\/wp\/v2\/users\/3"}],"replies":[{"embeddable":true,"href":"https:\/\/sortdupeuple.fr\/index.php\/wp-json\/wp\/v2\/comments?post=987"}],"version-history":[{"count":12,"href":"https:\/\/sortdupeuple.fr\/index.php\/wp-json\/wp\/v2\/pages\/987\/revisions"}],"predecessor-version":[{"id":1003,"href":"https:\/\/sortdupeuple.fr\/index.php\/wp-json\/wp\/v2\/pages\/987\/revisions\/1003"}],"wp:attachment":[{"href":"https:\/\/sortdupeuple.fr\/index.php\/wp-json\/wp\/v2\/media?parent=987"}],"curies":[{"name":"wp","href":"https:\/\/api.w.org\/{rel}","templated":true}]}}