{"id":120,"date":"2023-10-27T01:09:30","date_gmt":"2023-10-27T01:09:30","guid":{"rendered":"https:\/\/sortdupeuple.fr\/?page_id=120"},"modified":"2024-07-27T09:19:58","modified_gmt":"2024-07-27T09:19:58","slug":"page-principale","status":"publish","type":"page","link":"https:\/\/sortdupeuple.fr\/index.php\/page-principale\/","title":{"rendered":"Page principale Andeol"},"content":{"rendered":"<style>\/*! elementor - v3.16.0 - 20-09-2023 *\/<br \/>\n.elementor-column .elementor-spacer-inner{height:var(--spacer-size)}.e-con{--container-widget-width:100%}.e-con-inner>.elementor-widget-spacer,.e-con>.elementor-widget-spacer{width:var(--container-widget-width,var(--spacer-size));--align-self:var(--container-widget-align-self,initial);--flex-shrink:0}.e-con-inner>.elementor-widget-spacer>.elementor-widget-container,.e-con>.elementor-widget-spacer>.elementor-widget-container{height:100%;width:100%}.e-con-inner>.elementor-widget-spacer>.elementor-widget-container>.elementor-spacer,.e-con>.elementor-widget-spacer>.elementor-widget-container>.elementor-spacer{height:100%}.e-con-inner>.elementor-widget-spacer>.elementor-widget-container>.elementor-spacer>.elementor-spacer-inner,.e-con>.elementor-widget-spacer>.elementor-widget-container>.elementor-spacer>.elementor-spacer-inner{height:var(--container-widget-height,var(--spacer-size))}.e-con-inner>.elementor-widget-spacer.elementor-widget-empty,.e-con>.elementor-widget-spacer.elementor-widget-empty{position:relative;min-height:22px;min-width:22px}.e-con-inner>.elementor-widget-spacer.elementor-widget-empty .elementor-widget-empty-icon,.e-con>.elementor-widget-spacer.elementor-widget-empty .elementor-widget-empty-icon{position:absolute;top:0;bottom:0;left:0;right:0;margin:auto;padding:0;width:22px;height:22px}<\/style>\n<style>\/*! elementor - v3.16.0 - 20-09-2023 *\/<br \/>\n.elementor-heading-title{padding:0;margin:0;line-height:1}.elementor-widget-heading .elementor-heading-title[class*=elementor-size-]>a{color:inherit;font-size:inherit;line-height:inherit}.elementor-widget-heading .elementor-heading-title.elementor-size-small{font-size:15px}.elementor-widget-heading .elementor-heading-title.elementor-size-medium{font-size:19px}.elementor-widget-heading .elementor-heading-title.elementor-size-large{font-size:29px}.elementor-widget-heading .elementor-heading-title.elementor-size-xl{font-size:39px}.elementor-widget-heading .elementor-heading-title.elementor-size-xxl{font-size:59px}<\/style>\n<h2>Le Sort du Peuple<\/h2>\n<p>Un collectif pour la d\u00e9mocratie r\u00e9elle<br \/>\nTwitter\/ Instagram \/ TikTok \/ Youtube<\/p>\n<p>Rejoignez le mouvement<\/p>\n<h1>V<\/h1>\n<h2>LES D\u00c9MOCRATIES \u00c9LECTORALES ONT \u00c9CHOU\u00c9<\/h2>\n<p>Depuis plus de 50 ans, elles ont permis<\/p>\n<p>La mont\u00e9e des <strong>in\u00e9galit\u00e9s<\/strong>.<\/p>\n<p>Le <strong>r\u00e9chauffement climatique<\/strong>.<\/p>\n<p>L&#8217;<strong>effondrement de la biodiversit\u00e9<\/strong>.<\/p>\n<p>Le succ\u00e8s de politiciens <strong>autoritaires<\/strong>.<\/p>\n<p>La <strong>corruption<\/strong> par les grandes entreprises et les lobbys.<\/p>\n<h2>LES POLITICIENS \u00c9LUS NE NOUS REPR\u00c9SENTENT PAS<\/h2>\n<p>Acc\u00e8s aux <strong>m\u00e9dias<\/strong>, financement, aux bons r\u00e9seaux&#8230;<\/p>\n<p>Les \u00e9lections sont biais\u00e9es en faveur des plus <strong>riches<\/strong> et des plus <strong>puissants<\/strong>.<\/p>\n<p>Les \u00e9lus forment une <strong>classe<\/strong> politique coup\u00e9e du peuple.<\/p>\n<p>Les \u00e9lections entretiennent des <strong>divisions<\/strong> artificielles dans le peuple.<\/p>\n<p>Elles encouragent au <strong>dogmatisme<\/strong> et \u00e0 la corruption.<\/p>\n<p>Nous d\u00e9non\u00e7ons les <strong>dysfonctionnements<\/strong> des \u00e9lections.<\/p>\n<h2>CHANGER DE SYST\u00c8ME :<br \/>\nNOS REVENDICATIONS<\/h2>\n<p>1. Un parlement compos\u00e9 d\u2019<strong>assembl\u00e9es tir\u00e9es au sort<\/strong>, r\u00e9ellement repr\u00e9sentatives du peuple, interrogeant des experts et des t\u00e9moins, proposant et faisant des lois pour d\u00e9fendre les int\u00e9r\u00eats du peuple.<\/p>\n<p><em>A minima<\/em>, un <strong>S\u00e9nat tir\u00e9 au sort<\/strong>, pour garantir des lois conformes \u00e0 l\u2019int\u00e9r\u00eat g\u00e9n\u00e9ral et \u00e0 la survie des g\u00e9n\u00e9rations futures.<\/p>\n<p>2. Des <strong>p\u00e9titions<\/strong>, pour que le peuple d\u00e9termine l\u2019agenda du Parlement.<\/p>\n<p>3. Des <strong>r\u00e9f\u00e9rendums<\/strong> d\u2019initiative citoyenne, pour que toute loi faite par le Parlement et contest\u00e9 par une p\u00e9tition soit soumise au r\u00e9f\u00e9rendum. Le peuple doit garder le dernier mot sur la loi.<\/p>\n<p>4. Des ex\u00e9cutifs coll\u00e9giaux, \u00e9lus au <strong>jugement usuel<\/strong>, contr\u00f4l\u00e9s par des assembl\u00e9es et r\u00e9vocables \u00e0 tout moment.<\/p>\n<h2>REJOIGNEZ LE MOUVEMENT<\/h2>\n<p><strong>Le Sort du Peuple<\/strong> est un collectif de promotion de la d\u00e9mocratie r\u00e9elle.<\/p>\n<p>Nous d\u00e9veloppons notre communication sur Internet et dans les rues pour propager nos revendications.<\/p>\n<p>Nous cr\u00e9ons des visuels, des vid\u00e9os, des affiches et des memes.<\/p>\n<p>Les r\u00e8gles du jeu actuelles nous condamnent \u00e0 perdre, \u00e9ternellement.<\/p>\n<p><a href=\"https:\/\/discord.gg\/wC9rRCpUNx\" target=\"_blank\" rel=\"noopener\"><strong>Rejoignez-nous pour commencer \u00e0 gagner.<\/strong><\/a><\/p>\n<p><a href=\"https:\/\/discord.gg\/wC9rRCpUNx\"><br \/>\n<\/a><\/p>\n<h2>QUESTIONS FR\u00c9QUENTES<\/h2>\n<h2>RESSOURCES<\/h2>\n","protected":false},"excerpt":{"rendered":"<p>Le Sort du Peuple Un collectif pour la d\u00e9mocratie r\u00e9elle Twitter\/ Instagram \/ TikTok \/ Youtube Rejoignez le mouvement V LES D\u00c9MOCRATIES \u00c9LECTORALES ONT \u00c9CHOU\u00c9 Depuis plus de 50 ans, elles ont permis La mont\u00e9e des in\u00e9galit\u00e9s. Le r\u00e9chauffement climatique. L&#8217;effondrement de la biodiversit\u00e9. Le succ\u00e8s de politiciens autoritaires. La corruption par les grandes entreprises [&hellip;]<\/p>\n","protected":false},"author":1,"featured_media":0,"parent":0,"menu_order":0,"comment_status":"closed","ping_status":"closed","template":"","meta":{"footnotes":""},"class_list":["post-120","page","type-page","status-publish","hentry"],"_links":{"self":[{"href":"https:\/\/sortdupeuple.fr\/index.php\/wp-json\/wp\/v2\/pages\/120"}],"collection":[{"href":"https:\/\/sortdupeuple.fr\/index.php\/wp-json\/wp\/v2\/pages"}],"about":[{"href":"https:\/\/sortdupeuple.fr\/index.php\/wp-json\/wp\/v2\/types\/page"}],"author":[{"embeddable":true,"href":"https:\/\/sortdupeuple.fr\/index.php\/wp-json\/wp\/v2\/users\/1"}],"replies":[{"embeddable":true,"href":"https:\/\/sortdupeuple.fr\/index.php\/wp-json\/wp\/v2\/comments?post=120"}],"version-history":[{"count":299,"href":"https:\/\/sortdupeuple.fr\/index.php\/wp-json\/wp\/v2\/pages\/120\/revisions"}],"predecessor-version":[{"id":536,"href":"https:\/\/sortdupeuple.fr\/index.php\/wp-json\/wp\/v2\/pages\/120\/revisions\/536"}],"wp:attachment":[{"href":"https:\/\/sortdupeuple.fr\/index.php\/wp-json\/wp\/v2\/media?parent=120"}],"curies":[{"name":"wp","href":"https:\/\/api.w.org\/{rel}","templated":true}]}}