{"id":1083,"date":"2024-11-08T15:02:50","date_gmt":"2024-11-08T15:02:50","guid":{"rendered":"https:\/\/sortdupeuple.fr\/?page_id=1083"},"modified":"2024-12-27T16:56:43","modified_gmt":"2024-12-27T16:56:43","slug":"militer","status":"publish","type":"page","link":"https:\/\/sortdupeuple.fr\/index.php\/militer\/","title":{"rendered":"Militer"},"content":{"rendered":"\t\t<div data-elementor-type=\"wp-page\" data-elementor-id=\"1083\" class=\"elementor elementor-1083\" data-elementor-post-type=\"page\">\n\t\t\t\t<div class=\"elementor-element elementor-element-8ca236f e-flex e-con-boxed e-con e-parent\" data-id=\"8ca236f\" data-element_type=\"container\">\n\t\t\t\t\t<div class=\"e-con-inner\">\n\t\t\t\t<div class=\"elementor-element elementor-element-ad29456 elementor-widget elementor-widget-spacer\" data-id=\"ad29456\" data-element_type=\"widget\" militer=\"\" data-widget_type=\"spacer.default\">\n\t\t\t\t<div class=\"elementor-widget-container\">\n\t\t\t\t\t\t\t<div class=\"elementor-spacer\">\n\t\t\t<div class=\"elementor-spacer-inner\"><\/div>\n\t\t<\/div>\n\t\t\t\t\t\t<\/div>\n\t\t\t\t<\/div>\n\t\t\t\t<div class=\"elementor-element elementor-element-fcf878f elementor-widget elementor-widget-text-editor\" data-id=\"fcf878f\" data-element_type=\"widget\" data-widget_type=\"text-editor.default\">\n\t\t\t\t<div class=\"elementor-widget-container\">\n\t\t\t\t\t\t\t\t\t<p><span data-olk-copy-source=\"MessageBody\">Nous vous proposons ici des ressources pour vous documenter et pour vous mobiliser. Promouvoir le tirage au sort et la d\u00e9mocratie r\u00e9elle est l\u2019affaire de tous\u00b7tes.<\/span><\/p>\t\t\t\t\t\t\t\t<\/div>\n\t\t\t\t<\/div>\n\t\t\t\t<div class=\"elementor-element elementor-element-2bf5f7c elementor-widget elementor-widget-spacer\" data-id=\"2bf5f7c\" data-element_type=\"widget\" id=\"videos\" data-widget_type=\"spacer.default\">\n\t\t\t\t<div class=\"elementor-widget-container\">\n\t\t\t\t\t\t\t<div class=\"elementor-spacer\">\n\t\t\t<div class=\"elementor-spacer-inner\"><\/div>\n\t\t<\/div>\n\t\t\t\t\t\t<\/div>\n\t\t\t\t<\/div>\n\t\t\t\t<div class=\"elementor-element elementor-element-57f76f1 elementor-widget__width-initial elementor-widget elementor-widget-heading\" data-id=\"57f76f1\" data-element_type=\"widget\" data-widget_type=\"heading.default\">\n\t\t\t\t<div class=\"elementor-widget-container\">\n\t\t\t\t\t<h2 class=\"elementor-heading-title elementor-size-default\">VID\u00c9OS<\/h2>\t\t\t\t<\/div>\n\t\t\t\t<\/div>\n\t\t\t\t\t<\/div>\n\t\t\t\t<\/div>\n\t\t<div class=\"elementor-element elementor-element-f7b63e6 e-flex e-con-boxed e-con e-parent\" data-id=\"f7b63e6\" data-element_type=\"container\">\n\t\t\t\t\t<div class=\"e-con-inner\">\n\t\t\t\t<div class=\"elementor-element elementor-element-6f5cb14 elementor-widget elementor-widget-spacer\" data-id=\"6f5cb14\" data-element_type=\"widget\" data-widget_type=\"spacer.default\">\n\t\t\t\t<div class=\"elementor-widget-container\">\n\t\t\t\t\t\t\t<div class=\"elementor-spacer\">\n\t\t\t<div class=\"elementor-spacer-inner\"><\/div>\n\t\t<\/div>\n\t\t\t\t\t\t<\/div>\n\t\t\t\t<\/div>\n\t\t\t\t<div class=\"elementor-element elementor-element-ad38fee elementor-widget elementor-widget-video\" data-id=\"ad38fee\" data-element_type=\"widget\" data-settings=\"{&quot;youtube_url&quot;:&quot;https:\\\/\\\/www.youtube.com\\\/watch?v=3tN9gMCNnww&quot;,&quot;video_type&quot;:&quot;youtube&quot;,&quot;controls&quot;:&quot;yes&quot;}\" data-widget_type=\"video.default\">\n\t\t\t\t<div class=\"elementor-widget-container\">\n\t\t\t\t\t\t\t<div class=\"elementor-wrapper elementor-open-inline\">\n\t\t\t<div class=\"elementor-video\"><\/div>\t\t<\/div>\n\t\t\t\t\t\t<\/div>\n\t\t\t\t<\/div>\n\t\t\t\t\t<\/div>\n\t\t\t\t<\/div>\n\t\t<div class=\"elementor-element elementor-element-96ed7b8 e-flex e-con-boxed e-con e-parent\" data-id=\"96ed7b8\" data-element_type=\"container\">\n\t\t\t\t\t<div class=\"e-con-inner\">\n\t\t\t\t<div class=\"elementor-element elementor-element-c16f4b1 elementor-widget elementor-widget-spacer\" data-id=\"c16f4b1\" data-element_type=\"widget\" id=\"tracts\" data-widget_type=\"spacer.default\">\n\t\t\t\t<div class=\"elementor-widget-container\">\n\t\t\t\t\t\t\t<div class=\"elementor-spacer\">\n\t\t\t<div class=\"elementor-spacer-inner\"><\/div>\n\t\t<\/div>\n\t\t\t\t\t\t<\/div>\n\t\t\t\t<\/div>\n\t\t\t\t\t<\/div>\n\t\t\t\t<\/div>\n\t\t<div class=\"elementor-element elementor-element-e660ce6 e-flex e-con-boxed e-con e-parent\" data-id=\"e660ce6\" data-element_type=\"container\">\n\t\t\t\t\t<div class=\"e-con-inner\">\n\t\t\t\t<div class=\"elementor-element elementor-element-c4fd1a6 elementor-widget elementor-widget-heading\" data-id=\"c4fd1a6\" data-element_type=\"widget\" data-widget_type=\"heading.default\">\n\t\t\t\t<div class=\"elementor-widget-container\">\n\t\t\t\t\t<h2 class=\"elementor-heading-title elementor-size-default\">TRACTS<\/h2>\t\t\t\t<\/div>\n\t\t\t\t<\/div>\n\t\t\t\t\t<\/div>\n\t\t\t\t<\/div>\n\t\t<div class=\"elementor-element elementor-element-f25639a e-flex e-con-boxed e-con e-parent\" data-id=\"f25639a\" data-element_type=\"container\">\n\t\t\t\t\t<div class=\"e-con-inner\">\n\t\t\t\t<div class=\"elementor-element elementor-element-d852fe0 elementor-widget elementor-widget-image\" data-id=\"d852fe0\" data-element_type=\"widget\" data-widget_type=\"image.default\">\n\t\t\t\t<div class=\"elementor-widget-container\">\n\t\t\t\t\t\t\t\t\t\t\t\t\t\t\t\t<a href=\"https:\/\/sortdupeuple.fr\/wp-content\/uploads\/2024\/12\/Tract-2412.pdf\">\n\t\t\t\t\t\t\t<img fetchpriority=\"high\" decoding=\"async\" width=\"768\" height=\"1093\" src=\"https:\/\/sortdupeuple.fr\/wp-content\/uploads\/2024\/12\/Tract-24121-768x1093.jpg\" class=\"attachment-medium_large size-medium_large wp-image-1243\" alt=\"\" srcset=\"https:\/\/sortdupeuple.fr\/wp-content\/uploads\/2024\/12\/Tract-24121-768x1093.jpg 768w, https:\/\/sortdupeuple.fr\/wp-content\/uploads\/2024\/12\/Tract-24121-211x300.jpg 211w, https:\/\/sortdupeuple.fr\/wp-content\/uploads\/2024\/12\/Tract-24121-720x1024.jpg 720w, https:\/\/sortdupeuple.fr\/wp-content\/uploads\/2024\/12\/Tract-24121.jpg 873w\" sizes=\"(max-width: 768px) 100vw, 768px\" \/>\t\t\t\t\t\t\t\t<\/a>\n\t\t\t\t\t\t\t\t\t\t\t\t\t\t\t<\/div>\n\t\t\t\t<\/div>\n\t\t\t\t<div class=\"elementor-element elementor-element-8bc8f36 elementor-widget elementor-widget-image\" data-id=\"8bc8f36\" data-element_type=\"widget\" data-widget_type=\"image.default\">\n\t\t\t\t<div class=\"elementor-widget-container\">\n\t\t\t\t\t\t\t\t\t\t\t\t\t\t\t\t<a href=\"https:\/\/sortdupeuple.fr\/wp-content\/uploads\/2024\/12\/Tract-2412.pdf\">\n\t\t\t\t\t\t\t<img decoding=\"async\" width=\"768\" height=\"1093\" src=\"https:\/\/sortdupeuple.fr\/wp-content\/uploads\/2024\/12\/Tract-24122-768x1093.jpg\" class=\"attachment-medium_large size-medium_large wp-image-1251\" alt=\"\" srcset=\"https:\/\/sortdupeuple.fr\/wp-content\/uploads\/2024\/12\/Tract-24122-768x1093.jpg 768w, https:\/\/sortdupeuple.fr\/wp-content\/uploads\/2024\/12\/Tract-24122-211x300.jpg 211w, https:\/\/sortdupeuple.fr\/wp-content\/uploads\/2024\/12\/Tract-24122-720x1024.jpg 720w, https:\/\/sortdupeuple.fr\/wp-content\/uploads\/2024\/12\/Tract-24122.jpg 873w\" sizes=\"(max-width: 768px) 100vw, 768px\" \/>\t\t\t\t\t\t\t\t<\/a>\n\t\t\t\t\t\t\t\t\t\t\t\t\t\t\t<\/div>\n\t\t\t\t<\/div>\n\t\t\t\t<div class=\"elementor-element elementor-element-266d8e8 elementor-widget elementor-widget-spacer\" data-id=\"266d8e8\" data-element_type=\"widget\" id=\"biblio\" data-widget_type=\"spacer.default\">\n\t\t\t\t<div class=\"elementor-widget-container\">\n\t\t\t\t\t\t\t<div class=\"elementor-spacer\">\n\t\t\t<div class=\"elementor-spacer-inner\"><\/div>\n\t\t<\/div>\n\t\t\t\t\t\t<\/div>\n\t\t\t\t<\/div>\n\t\t\t\t\t<\/div>\n\t\t\t\t<\/div>\n\t\t<div class=\"elementor-element elementor-element-736c08c e-flex e-con-boxed e-con e-parent\" data-id=\"736c08c\" data-element_type=\"container\">\n\t\t\t\t\t<div class=\"e-con-inner\">\n\t\t\t\t<div class=\"elementor-element elementor-element-bf6f49a elementor-widget elementor-widget-heading\" data-id=\"bf6f49a\" data-element_type=\"widget\" data-widget_type=\"heading.default\">\n\t\t\t\t<div class=\"elementor-widget-container\">\n\t\t\t\t\t<h2 class=\"elementor-heading-title elementor-size-default\">BIBLIO<\/h2>\t\t\t\t<\/div>\n\t\t\t\t<\/div>\n\t\t\t\t\t<\/div>\n\t\t\t\t<\/div>\n\t\t<div class=\"elementor-element elementor-element-6259c8c e-flex e-con-boxed e-con e-parent\" data-id=\"6259c8c\" data-element_type=\"container\">\n\t\t\t\t\t<div class=\"e-con-inner\">\n\t\t\t\t<div class=\"elementor-element elementor-element-5d7700a elementor-widget elementor-widget-spacer\" data-id=\"5d7700a\" data-element_type=\"widget\" data-widget_type=\"spacer.default\">\n\t\t\t\t<div class=\"elementor-widget-container\">\n\t\t\t\t\t\t\t<div class=\"elementor-spacer\">\n\t\t\t<div class=\"elementor-spacer-inner\"><\/div>\n\t\t<\/div>\n\t\t\t\t\t\t<\/div>\n\t\t\t\t<\/div>\n\t\t\t\t<div class=\"elementor-element elementor-element-69d94e7 elementor-widget elementor-widget-text-editor\" data-id=\"69d94e7\" data-element_type=\"widget\" data-widget_type=\"text-editor.default\">\n\t\t\t\t<div class=\"elementor-widget-container\">\n\t\t\t\t\t\t\t\t\t<p style=\"text-align: start;\">Van Reybrouck, David, Philippe Noble, et Isabelle Rosselin.&nbsp;<i>Contre les \u00e9lections<\/i>. Arles : Actes Sud. 2014. (Babel ; n\u02da&nbsp;1231).<\/p>\n<p style=\"text-align: start;\">Testart, Jacques,&nbsp;<i>L\u2019Humanitude au pouvoir, comment les citoyens peuvent d\u00e9cider du bien commun<\/i>. Paris : \u00c9ditions du Seuil. 2015<\/p>\n<p style=\"text-align: start;\">Blondiaux, Lo\u00efc et Bernard Manin.&nbsp;<i>Le tournant d\u00e9lib\u00e9ratif de la d\u00e9mocratie:<\/i>&nbsp;[s.l.] : Presses de Sciences Po. 2021. En ligne : https:\/\/cairn.info\/le-tournant-deliberatif-de-la-democratie-2021\u20139782724624908.htm.<\/p>\n<p style=\"text-align: start;\">Bonin Hugo.&nbsp;<i>La D\u00e9mocratie hasardeuse: \u00e9lections ou tirage au sort \/ Hugo Bonin\u202f; pr\u00e9face d\u2019Alain Deneault<\/i>. Nouvelle \u00e9dition augment\u00e9e. Montr\u00e9al (Qu\u00e9bec) : XYZ \u00e9diteur. 2018.<\/p>\n<p style=\"text-align: start;\">Sintomer, Yves.&nbsp;<i>Petite histoire de l\u2019exp\u00e9rimentation d\u00e9mocratique: tirage au sort et politique d\u2019Ath\u00e8nes \u00e0 nos jours<\/i>. Paris : La D\u00e9couverte\/Poche. 2011. 291&nbsp;p.&nbsp;<\/p>\n<p style=\"text-align: start;\">Delannoi, Gil.&nbsp;<i>Le tirage au sort: comment l\u2019utiliser?<\/i>&nbsp;Paris : Presses de Sciences Po. 2019. 148&nbsp;p. (Nouveaux d\u00e9bats ; n\u02da&nbsp;51)<\/p>\n<p style=\"text-align: start;\">Manin, Bernard.&nbsp;<i>Principes du gouvernement repr\u00e9sentatif<\/i>. Paris : Calmann-L\u00e9vy. 1995. 319&nbsp;p. (Libert\u00e9 de l\u2019esprit).<\/p>\n<p style=\"text-align: start;\">Callenbach, Ernest et Michael Phillips.&nbsp;<i>A citizen legislature<\/i>. Berkeley, Calif.\u202f: Bodega, Calif : Banyan Tree Books\u202f; Clear Glass. 1985. 90&nbsp;p.<\/p>\n<p style=\"text-align: start;\">Gastil, John et Erik Olin Wright.&nbsp;<i>Legislature by Lot: transformative designs for deliberative governance<\/i>. London New York : Verso. 2019. 436&nbsp;p. (The real utopias project).<\/p>\n<p style=\"text-align: start;\">Guerrero, Alexander A.&nbsp;<i>Against Elections: The Lottocratic Alternative<\/i>. 2014. En ligne : https:\/\/papers.ssrn.com\/abstract=2488791.<\/p>\n<p style=\"text-align: start;\">Landemore, H\u00e9l\u00e8ne.&nbsp;<i>Open Democracy: Reinventing Popular Rule for the Twenty-First Century<\/i>. [s.l.] : Princeton University Press. 2020. En ligne : https:\/\/www.degruyter.com\/document\/doi\/10.1515\/9780691208725\/html.<\/p>\n<p style=\"text-align: start;\">Pope, Maurice.&nbsp;<i>The keys to democracy: sortition as a new model for citizen power<\/i>. Exeter : Imprint Academic. 2023. 232&nbsp;p. (Sortition and public policy).<\/p>\n<p style=\"text-align: start;\">Sintomer, Yves.&nbsp;<i>The Government of Chance: Sortition and Democracy from Athens to the Present<\/i>. New York : Cambridge University Press. 2023. 314&nbsp;p.<\/p>\n<p style=\"text-align: start;\">L\u00ea Quan Phong, And\u00e9ol.&nbsp;<i>Du Sort \u00e0 la Loi\u202f: \u00e0 la recherche d\u2019une proc\u00e9dure pour les assembl\u00e9es tir\u00e9es au sort<\/i>, report. Paris : Sciences po Paris. 2023. 142 p. En ligne : https:\/\/andeol-lequanphong.com\/.<\/p><p style=\"text-align: start;\"><span style=\"text-align: right; color: var( --e-global-color-secondary );\">Roche-No\u00ebl, Alph\u00e9e.&nbsp;<\/span><span style=\"text-align: right; color: var( --e-global-color-secondary );\">\u00ab Derri\u00e8re le tirage au sort, un reflet plus juste de la soci\u00e9t\u00e9 \u00bb. AOC.media. En ligne :&nbsp;<\/span><span style=\"text-align: right; color: var( --e-global-color-secondary );\">https:\/\/aoc.media\/opinion\/2024\/05\/19\/derriere-le-tirage-au-sort-un-reflet-plus-juste-de-la-societe\/.<\/span><\/p>\n<div>&nbsp;<\/div>\t\t\t\t\t\t\t\t<\/div>\n\t\t\t\t<\/div>\n\t\t\t\t\t<\/div>\n\t\t\t\t<\/div>\n\t\t\t\t<\/div>\n\t\t","protected":false},"excerpt":{"rendered":"<p>Nous vous proposons ici des ressources pour vous documenter et pour vous mobiliser. Promouvoir le tirage au sort et la d\u00e9mocratie r\u00e9elle est l\u2019affaire de tous\u00b7tes. VID\u00c9OS TRACTS BIBLIO Van Reybrouck, David, Philippe Noble, et Isabelle Rosselin.&nbsp;Contre les \u00e9lections. Arles : Actes Sud. 2014. (Babel ; n\u02da&nbsp;1231). Testart, Jacques,&nbsp;L\u2019Humanitude au pouvoir, comment les citoyens peuvent [&hellip;]<\/p>\n","protected":false},"author":3,"featured_media":854,"parent":0,"menu_order":0,"comment_status":"closed","ping_status":"closed","template":"","meta":{"footnotes":""},"class_list":["post-1083","page","type-page","status-publish","has-post-thumbnail","hentry"],"_links":{"self":[{"href":"https:\/\/sortdupeuple.fr\/index.php\/wp-json\/wp\/v2\/pages\/1083"}],"collection":[{"href":"https:\/\/sortdupeuple.fr\/index.php\/wp-json\/wp\/v2\/pages"}],"about":[{"href":"https:\/\/sortdupeuple.fr\/index.php\/wp-json\/wp\/v2\/types\/page"}],"author":[{"embeddable":true,"href":"https:\/\/sortdupeuple.fr\/index.php\/wp-json\/wp\/v2\/users\/3"}],"replies":[{"embeddable":true,"href":"https:\/\/sortdupeuple.fr\/index.php\/wp-json\/wp\/v2\/comments?post=1083"}],"version-history":[{"count":70,"href":"https:\/\/sortdupeuple.fr\/index.php\/wp-json\/wp\/v2\/pages\/1083\/revisions"}],"predecessor-version":[{"id":1257,"href":"https:\/\/sortdupeuple.fr\/index.php\/wp-json\/wp\/v2\/pages\/1083\/revisions\/1257"}],"wp:featuredmedia":[{"embeddable":true,"href":"https:\/\/sortdupeuple.fr\/index.php\/wp-json\/wp\/v2\/media\/854"}],"wp:attachment":[{"href":"https:\/\/sortdupeuple.fr\/index.php\/wp-json\/wp\/v2\/media?parent=1083"}],"curies":[{"name":"wp","href":"https:\/\/api.w.org\/{rel}","templated":true}]}}